{"id":5754,"date":"2018-10-22T13:48:46","date_gmt":"2018-10-22T13:48:46","guid":{"rendered":"https:\/\/www.ekko-wp.com\/?page_id=5754"},"modified":"2024-05-28T11:01:23","modified_gmt":"2024-05-28T11:01:23","slug":"iletisim","status":"publish","type":"page","link":"https:\/\/www.osmed.com.tr\/blog\/iletisim\/","title":{"rendered":"\u0130leti\u015fim"},"content":{"rendered":"<div class=\"wpb-content-wrapper\"><p>[vc_row full_width=&#8221;stretch_row&#8221; video_bg=&#8221;yes&#8221; video_bg_url=&#8221;https:\/\/www.youtube.com\/watch?v=5ps8bbVu6y4&amp;t=96s&#8221; kd_image_overlay_color=&#8221;rgba(0,0,0,0.7)&#8221; kd_image_overlay=&#8221;true&#8221; css=&#8221;.vc_custom_1714986040568{padding-top: 260px !important;padding-bottom: 200px !important;background-image: url(https:\/\/www.ekko-wp.com\/wp-content\/uploads\/2018\/10\/blog6.jpg?id=7323) !important;}&#8221;][vc_column css=&#8221;.vc_custom_1513003956648{padding-top: 0px !important;}&#8221;][vc_row_inner][vc_column_inner width=&#8221;1\/6&#8243; css=&#8221;.vc_custom_1513004658055{padding-top: 50px !important;padding-left: 0px !important;}&#8221;][\/vc_column_inner][vc_column_inner width=&#8221;2\/3&#8243; css=&#8221;.vc_custom_1513008591637{padding-right: 0px !important;padding-left: 0px !important;}&#8221;]<div class=\"kd-text-rotator kd-rotatorid-69e1cd26d513f text-center  \"><div class=\"kd-text-rotator-container\"><h2 class=\"rotator-single kd-rotator-item-1 \" style=\" color: #ffffff; font-size: 60px;\">Dan\u0131\u015fmanl\u0131k ve E\u011fitim<\/h2><h2 class=\"rotator-single kd-rotator-item-2 \" style=\" color: #ffffff; font-size: 60px;\">Sat\u0131n Alma<\/h2><h2 class=\"rotator-single kd-rotator-item-3 \" style=\" color: #ffffff; font-size: 60px;\">Enerji Verimlili\u011fi<\/h2><h2 class=\"rotator-single kd-rotator-item-4 last\" style=\"transition: all 0.5s 4.25s; color: #ffffff; font-size: 60px;\">Turizm Konaklama Sekt\u00f6r\u00fc<\/h2><\/div><\/div>[\/vc_column_inner][vc_column_inner width=&#8221;1\/6&#8243;][\/vc_column_inner][\/vc_row_inner][\/vc_column][\/vc_row][vc_row css=&#8221;.vc_custom_1555665510935{padding-top: 100px !important;padding-bottom: 50px !important;}&#8221;][vc_column][vc_row_inner css=&#8221;.vc_custom_1556020050820{margin-bottom: 20px !important;padding-right: 0px !important;padding-left: 0px !important;}&#8221;][vc_column_inner width=&#8221;1\/3&#8243;]<div class=\"cb-container cb-cont-left\" style=\"background-color:#fff;\" ><a href=\"#contact\" target=\"\"><div class=\"cb-img-area\"><i class=\"iconsmind-Mail-Inbox iconsmind-Emails\" style=\" \"><\/i> <\/div><div class=\"cb-text-area\">\n                    <h4 class=\"cb-heading \" >Sadece sorun. K\u0131sa s\u00fcrede d\u00f6n\u00fc\u015f yapal\u0131m.<\/h4><p >Dan\u0131\u015fmanl\u0131k, e\u011fitimlerimiz ve daha bir \u00e7ok konuda bize ula\u015fmaktan \u00e7ekinmeyin.<\/p><\/div><\/a><\/div>[\/vc_column_inner][vc_column_inner width=&#8221;1\/3&#8243;]<div class=\"cb-container cb-cont-left\" style=\"background-color:#fff;\" ><a href=\"url:%23|||\" target=\"\"><div class=\"cb-img-area\"><i class=\"iconsmind-Phone-Wifi iconsmind-Desktop-apps\" style=\" \"><\/i> <\/div><div class=\"cb-text-area\">\n                    <h4 class=\"cb-heading \" >Bize telefonla ula\u015f\u0131n.<\/h4><p >An\u0131nda cevap i\u00e7in telefonlar\u0131m\u0131zdan bize ula\u015fabilirsiniz.<br \/>\n0850 241 06 01<br \/>\n0532 064 24 15<\/p><\/div><\/a><\/div>[\/vc_column_inner][vc_column_inner width=&#8221;1\/3&#8243;]<div class=\"cb-container cb-cont-left\" style=\"background-color:#fff;\" ><a href=\"url:%23|||\" target=\"\"><div class=\"cb-img-area\"><i class=\"far fa-question-circle\" style=\" \"><\/i> <\/div><div class=\"cb-text-area\">\n                    <h4 class=\"cb-heading \" >Yard\u0131m al\u0131n.<\/h4><p >E\u011fitim ve dan\u0131\u015fmanl\u0131klar\u0131m\u0131z ile ilgili yaz\u0131lar\u0131 inceleyin.<\/p><\/div><\/a><\/div>[\/vc_column_inner][\/vc_row_inner][\/vc_column][\/vc_row][vc_row full_width=&#8221;stretch_row_content_no_spaces&#8221; css=&#8221;.vc_custom_1714985236326{padding-bottom: 0px !important;background-color: #f5f5f5 !important;}&#8221; el_id=&#8221;12&#8243;][vc_column width=&#8221;1\/2&#8243; css=&#8221;.vc_custom_1522244564559{padding-top: 0px !important;}&#8221; offset=&#8221;vc_col-lg-6 vc_col-md-12&#8243;][vc_gmaps link=&#8221;#E-8_JTNDaWZyYW1lJTIwc3JjJTNEJTIyaHR0cHMlM0ElMkYlMkZ3d3cuZ29vZ2xlLmNvbSUyRm1hcHMlMkZlbWJlZCUzRnBiJTNEJTIxMW0xNCUyMTFtOCUyMTFtMyUyMTFkMTI3NjQuOTk5NTIzOTIxMDk1JTIxMmQzMC43Mzk0MjU4JTIxM2QzNi44ODQzNyUyMTNtMiUyMTFpMTAyNCUyMTJpNzY4JTIxNGYxMy4xJTIxM20zJTIxMW0yJTIxMXMweDE0YzM4NTM0NjYxOTUyMmIlMjUzQTB4MTlhZmM3MTM1Mzk2ODRkMSUyMTJzTiUyNUM0JTI1QjBLTyUyNTIwQWthZGVtaSUyMTVlMCUyMTNtMiUyMTFzZW4lMjEyc3RyJTIxNHYxNzE2ODkxMjY4NjMyJTIxNW0yJTIxMXNlbiUyMTJzdHIlMjIlMjB3aWR0aCUzRCUyMjYwMCUyMiUyMGhlaWdodCUzRCUyMjQ1MCUyMiUyMHN0eWxlJTNEJTIyYm9yZGVyJTNBMCUzQiUyMiUyMGFsbG93ZnVsbHNjcmVlbiUzRCUyMiUyMiUyMGxvYWRpbmclM0QlMjJsYXp5JTIyJTIwcmVmZXJyZXJwb2xpY3klM0QlMjJuby1yZWZlcnJlci13aGVuLWRvd25ncmFkZSUyMiUzRSUzQyUyRmlmcmFtZSUzRQ==&#8221;][\/vc_column][vc_column width=&#8221;1\/2&#8243; css=&#8221;.vc_custom_1539086354367{padding-top: 100px !important;}&#8221; offset=&#8221;vc_col-lg-6 vc_col-md-12&#8243;][vc_row_inner css=&#8221;.vc_custom_1716803232208{padding-top: 0px !important;}&#8221; el_id=&#8221;contact&#8221;][vc_column_inner width=&#8221;1\/4&#8243;][\/vc_column_inner][vc_column_inner width=&#8221;1\/2&#8243; css=&#8221;.vc_custom_1541508316360{padding-right: 0px !important;padding-bottom: 30px !important;padding-left: 0px !important;}&#8221;]<header class=\"kd-section-title col-lg-12 text-left  kd-animated fadeIn  \" data-animation-delay=200><h2 class=\"separator_off\" >Bizimle \u0130leti\u015fime Ge\u00e7in<\/h2><h6 class=\"subtitle \" >Hizmetlerimiz ile ilgili detayl\u0131 bilgi almak i\u00e7in a\u015fa\u011f\u0131daki formu doldurabilirsiniz. Deneyimli ekibimiz size k\u0131sa s\u00fcre i\u00e7erisinde d\u00f6n\u00fc\u015f yapmaktan memnuniyet duyar.<\/h6><\/header>[vc_empty_space height=&#8221;10px&#8221;]<div class=\"kd-contact-form full-width-cf white-input-bg\" >\n<div class=\"wpcf7 no-js\" id=\"wpcf7-f5208-o1\" lang=\"en-US\" dir=\"ltr\">\n<div class=\"screen-reader-response\"><p role=\"status\" aria-live=\"polite\" aria-atomic=\"true\"><\/p> <ul><\/ul><\/div>\n<form action=\"\/blog\/wp-json\/wp\/v2\/pages\/5754#wpcf7-f5208-o1\" method=\"post\" class=\"wpcf7-form init\" aria-label=\"Contact form\" novalidate=\"novalidate\" data-status=\"init\">\n<div style=\"display: none;\">\n<input type=\"hidden\" name=\"_wpcf7\" value=\"5208\" \/>\n<input type=\"hidden\" name=\"_wpcf7_version\" value=\"5.9.8\" \/>\n<input type=\"hidden\" name=\"_wpcf7_locale\" value=\"en_US\" \/>\n<input type=\"hidden\" name=\"_wpcf7_unit_tag\" value=\"wpcf7-f5208-o1\" \/>\n<input type=\"hidden\" name=\"_wpcf7_container_post\" value=\"0\" \/>\n<input type=\"hidden\" name=\"_wpcf7_posted_data_hash\" value=\"\" \/>\n<\/div>\n<p><span class=\"wpcf7-form-control-wrap\" data-name=\"your-name\"><input size=\"40\" maxlength=\"400\" class=\"wpcf7-form-control wpcf7-text wpcf7-validates-as-required\" aria-required=\"true\" aria-invalid=\"false\" placeholder=\"Ad\u0131n\u0131z\" value=\"\" type=\"text\" name=\"your-name\" \/><\/span><br \/>\n<span class=\"wpcf7-form-control-wrap\" data-name=\"your-email\"><input size=\"40\" maxlength=\"400\" class=\"wpcf7-form-control wpcf7-email wpcf7-validates-as-required wpcf7-text wpcf7-validates-as-email\" aria-required=\"true\" aria-invalid=\"false\" placeholder=\"Mail Adresiniz\" value=\"\" type=\"email\" name=\"your-email\" \/><\/span><br \/>\n<span class=\"wpcf7-form-control-wrap\" data-name=\"your-message\"><textarea cols=\"40\" rows=\"10\" maxlength=\"2000\" class=\"wpcf7-form-control wpcf7-textarea\" aria-invalid=\"false\" placeholder=\"Mesaj\u0131n\u0131z\" name=\"your-message\"><\/textarea><\/span><br \/>\n<input class=\"wpcf7-form-control wpcf7-submit has-spinner\" type=\"submit\" value=\"G\u00f6nder\" \/>\n<\/p><div class=\"wpcf7-response-output\" aria-hidden=\"true\"><\/div>\n<\/form>\n<\/div>\n<\/div>[\/vc_column_inner][vc_column_inner width=&#8221;1\/4&#8243;][\/vc_column_inner][\/vc_row_inner][\/vc_column][\/vc_row]<\/p>\n<\/div>","protected":false},"excerpt":{"rendered":"<p>[vc_row full_width=&#8221;stretch_row&#8221; video_bg=&#8221;yes&#8221; video_bg_url=&#8221;https:\/\/www.youtube.com\/watch?v=5ps8bbVu6y4&amp;t=96s&#8221; kd_image_overlay_color=&#8221;rgba(0,0,0,0.7)&#8221; kd_image_overlay=&#8221;true&#8221; css=&#8221;.vc_custom_1714986040568{padding-top: 260px !important;padding-bottom: 200px !important;background-image: url(https:\/\/www.ekko-wp.com\/wp-content\/uploads\/2018\/10\/blog6.jpg?id=7323) !important;}&#8221;][vc_column css=&#8221;.vc_custom_1513003956648{padding-top: 0px [&hellip;]<\/p>\n","protected":false},"author":1,"featured_media":0,"parent":0,"menu_order":0,"comment_status":"closed","ping_status":"closed","template":"","meta":{"footnotes":""},"_links":{"self":[{"href":"https:\/\/www.osmed.com.tr\/blog\/wp-json\/wp\/v2\/pages\/5754"}],"collection":[{"href":"https:\/\/www.osmed.com.tr\/blog\/wp-json\/wp\/v2\/pages"}],"about":[{"href":"https:\/\/www.osmed.com.tr\/blog\/wp-json\/wp\/v2\/types\/page"}],"author":[{"embeddable":true,"href":"https:\/\/www.osmed.com.tr\/blog\/wp-json\/wp\/v2\/users\/1"}],"replies":[{"embeddable":true,"href":"https:\/\/www.osmed.com.tr\/blog\/wp-json\/wp\/v2\/comments?post=5754"}],"version-history":[{"count":7,"href":"https:\/\/www.osmed.com.tr\/blog\/wp-json\/wp\/v2\/pages\/5754\/revisions"}],"predecessor-version":[{"id":7514,"href":"https:\/\/www.osmed.com.tr\/blog\/wp-json\/wp\/v2\/pages\/5754\/revisions\/7514"}],"wp:attachment":[{"href":"https:\/\/www.osmed.com.tr\/blog\/wp-json\/wp\/v2\/media?parent=5754"}],"curies":[{"name":"wp","href":"https:\/\/api.w.org\/{rel}","templated":true}]}}