{"id":5724,"date":"2018-10-22T13:45:37","date_gmt":"2018-10-22T13:45:37","guid":{"rendered":"https:\/\/www.ekko-wp.com\/?page_id=5724"},"modified":"2024-05-29T10:45:14","modified_gmt":"2024-05-29T10:45:14","slug":"hakkimizda","status":"publish","type":"page","link":"https:\/\/www.osmed.com.tr\/blog\/hakkimizda\/","title":{"rendered":"Hakk\u0131m\u0131zda"},"content":{"rendered":"<div class=\"wpb-content-wrapper\"><p>[vc_row full_width=&#8221;stretch_row&#8221; video_bg=&#8221;yes&#8221; video_bg_url=&#8221;https:\/\/www.youtube.com\/watch?v=w3Iy5TEc7Z4&#8243; kd_image_overlay_color=&#8221;rgba(0,0,0,0.7)&#8221; kd_image_overlay=&#8221;true&#8221; css=&#8221;.vc_custom_1716893942350{padding-top: 260px !important;padding-bottom: 200px !important;background-image: url(https:\/\/www.ekko-wp.com\/wp-content\/uploads\/2018\/10\/blog4.jpg?id=7321) !important;}&#8221;][vc_column css=&#8221;.vc_custom_1513003956648{padding-top: 0px !important;}&#8221;][vc_row_inner][vc_column_inner width=&#8221;1\/6&#8243; css=&#8221;.vc_custom_1513004658055{padding-top: 50px !important;padding-left: 0px !important;}&#8221;][\/vc_column_inner][vc_column_inner width=&#8221;2\/3&#8243; css=&#8221;.vc_custom_1513008591637{padding-right: 0px !important;padding-left: 0px !important;}&#8221;]<div class=\"kd-text-rotator kd-rotatorid-69e1cd76ace31 text-center  \"><div class=\"kd-text-rotator-container\"><h2 class=\"rotator-single kd-rotator-item-1 \" style=\" color: #ffffff; font-size: 60px;\">Deneyimli Ekip<\/h2><h2 class=\"rotator-single kd-rotator-item-2 \" style=\" color: #ffffff; font-size: 60px;\">Dan\u0131\u015fmanl\u0131k Hizmeti<\/h2><h2 class=\"rotator-single kd-rotator-item-3 \" style=\" color: #ffffff; font-size: 60px;\">Sekt\u00f6rel E\u011fitimler<\/h2><h2 class=\"rotator-single kd-rotator-item-4 last\" style=\"transition: all 0.5s 4.25s; color: #ffffff; font-size: 60px;\">Hakk\u0131m\u0131zda<\/h2><\/div><\/div>[\/vc_column_inner][vc_column_inner width=&#8221;1\/6&#8243;][\/vc_column_inner][\/vc_row_inner][\/vc_column][\/vc_row][vc_row full_width=&#8221;stretch_row&#8221; parallax=&#8221;content-moving&#8221; css=&#8221;.vc_custom_1539607787552{padding-top: 100px !important;padding-bottom: 85px !important;}&#8221;][vc_column][vc_row_inner][vc_column_inner width=&#8221;1\/3&#8243; offset=&#8221;vc_col-lg-4 vc_col-md-12&#8243; css=&#8221;.vc_custom_1539607714286{padding-right: 50px !important;padding-left: 0px !important;}&#8221;]<header class=\"kd-section-title col-lg-12 text-left  kd-animated fadeIn   vc_custom_1716895284961\" data-animation-delay=200><h2 class=\"separator_off\" >\u0130\u015f d\u00fcnyan\u0131z\u0131 zenginlenle\u015ftirecek \u00e7\u00f6z\u00fcmler.<\/h2><\/header>[\/vc_column_inner][vc_column_inner width=&#8221;1\/3&#8243; offset=&#8221;vc_col-lg-4 vc_col-md-6&#8243;][vc_custom_heading text=&#8221;\u0130\u015f d\u00fcnyas\u0131nda e\u011fitim ve dan\u0131\u015fmanl\u0131k hizmetlerimizle, i\u015f s\u00fcre\u00e7lerinizi optimize ediyor ve rekabet g\u00fcc\u00fcn\u00fcz\u00fc art\u0131r\u0131yoruz. Sundu\u011fumuz yenilik\u00e7i \u00e7\u00f6z\u00fcmlerle i\u015f d\u00fcnyan\u0131z\u0131 zenginle\u015ftiriyor, ba\u015far\u0131ya giden yolda yan\u0131n\u0131zda oluyoruz.&#8221; font_container=&#8221;tag:h6|font_size:16px|text_align:left&#8221; use_theme_fonts=&#8221;yes&#8221; css_animation=&#8221;fadeIn&#8221;][\/vc_column_inner][vc_column_inner width=&#8221;1\/3&#8243; offset=&#8221;vc_col-lg-4 vc_col-md-6&#8243;][vc_custom_heading text=&#8221;E\u011fitimlerimiz, \u00e7al\u0131\u015fanlar\u0131n\u0131z\u0131n ki\u015fisel geli\u015fimine katk\u0131da bulunarak, liderlik ve problem \u00e7\u00f6zme yetkinliklerini art\u0131r\u0131r. Bireysel potansiyelin ortaya \u00e7\u0131kar\u0131lmas\u0131na y\u00f6nelik \u00e7\u00f6z\u00fcmlerimizle, \u00e7al\u0131\u015fanlar\u0131n\u0131z\u0131n motivasyonunu ve performans\u0131n\u0131 \u00fcst d\u00fczeye ta\u015f\u0131r\u0131z.&#8221; font_container=&#8221;tag:h6|font_size:16px|text_align:left&#8221; use_theme_fonts=&#8221;yes&#8221; css_animation=&#8221;fadeIn&#8221;][\/vc_column_inner][\/vc_row_inner][vc_row_inner css=&#8221;.vc_custom_1539607585823{margin-top: 45px !important;border-top-width: 1px !important;padding-top: 55px !important;border-top-color: rgba(132,132,132,0.15) !important;border-top-style: solid !important;}&#8221;][vc_column_inner width=&#8221;1\/6&#8243;]<div class=\"key-icon-box icon-default icon-top cont-center ib-no-effect  kd-animated fadeInUp\" style=\"background-color: transparent;\" data-animation-delay=200><i class=\"iconsmind-Chemical-2 iconsmind-Science-Medical\" style=\" color: #3452ff;\"><\/i> <h6 class=\"service-heading\" >Detayl\u0131 de\u011ferlendirme<\/h6><\/div>[\/vc_column_inner][vc_column_inner width=&#8221;1\/6&#8243;]<div class=\"key-icon-box icon-default icon-top cont-center ib-no-effect  kd-animated fadeInUp\" style=\"background-color: transparent;\" data-animation-delay=200><i class=\"iconsmind-Leo-2 iconsmind-Zodiacs\" style=\" color: #3452ff;\"><\/i> <h6 class=\"service-heading\" >H\u0131zl\u0131 \u00e7\u00f6z\u00fcmler<\/h6><\/div>[\/vc_column_inner][vc_column_inner width=&#8221;1\/6&#8243;]<div class=\"key-icon-box icon-default icon-top cont-center ib-no-effect  kd-animated fadeInUp\" style=\"background-color: transparent;\" data-animation-delay=200><i class=\"iconsmind-Crown iconsmind-Objects\" style=\" color: #3452ff;\"><\/i> <h6 class=\"service-heading\" >Premium hizmet<\/h6><\/div>[\/vc_column_inner][vc_column_inner width=&#8221;1\/6&#8243;]<div class=\"key-icon-box icon-default icon-top cont-center ib-no-effect  kd-animated fadeInUp\" style=\"background-color: transparent;\" data-animation-delay=200><i class=\"iconsmind-Duplicate-Window iconsmind-Windows-Class\" style=\" color: #3452ff;\"><\/i> <h6 class=\"service-heading\" >Planlama stratejileri<\/h6><\/div>[\/vc_column_inner][vc_column_inner width=&#8221;1\/6&#8243;]<div class=\"key-icon-box icon-default icon-top cont-center ib-no-effect  kd-animated fadeInUp\" style=\"background-color: transparent;\" data-animation-delay=200><i class=\"iconsmind-Stopwatch iconsmind-Time\" style=\" color: #3452ff;\"><\/i> <h6 class=\"service-heading\" >Zaman planlama<\/h6><\/div>[\/vc_column_inner][vc_column_inner width=&#8221;1\/6&#8243;]<div class=\"key-icon-box icon-default icon-top cont-center ib-no-effect  kd-animated fadeInUp\" style=\"background-color: transparent;\" data-animation-delay=200><i class=\"iconsmind-Life-Safer iconsmind-Objects\" style=\" color: #3452ff;\"><\/i> <h6 class=\"service-heading\" >Uzman destek<\/h6><\/div>[\/vc_column_inner][\/vc_row_inner][\/vc_column][\/vc_row][vc_row full_width=&#8221;stretch_row_content_no_spaces&#8221; css=&#8221;.vc_custom_1538998888291{background-color: #f5f5f5 !important;}&#8221;][vc_column width=&#8221;1\/2&#8243; css=&#8221;.vc_custom_1538998872764{padding-top: 0px !important;}&#8221; offset=&#8221;vc_col-lg-6 vc_col-md-12&#8243;][vc_row_inner css=&#8221;.vc_custom_1716972242022{padding-top: 300px !important;padding-bottom: 220px !important;background: #00bd8e url(http:\/\/www.osmed.com.tr\/blog\/wp-content\/uploads\/2024\/05\/hak.jpg?id=7519) !important;background-position: center !important;background-repeat: no-repeat !important;background-size: cover !important;}&#8221;][vc_column_inner css=&#8221;.vc_custom_1511789291663{padding-top: 0px !important;padding-bottom: 0px !important;}&#8221;][vc_empty_space height=&#8221;100px&#8221;][\/vc_column_inner][\/vc_row_inner][\/vc_column][vc_column width=&#8221;1\/2&#8243; offset=&#8221;vc_col-lg-6 vc_col-md-12&#8243;][vc_row_inner css=&#8221;.vc_custom_1541152678082{padding-top: 145px !important;}&#8221; el_class=&#8221;vc_hidden-sm vc_hidden-xs&#8221;][vc_column_inner width=&#8221;1\/4&#8243; offset=&#8221;vc_hidden-md vc_hidden-sm vc_hidden-xs&#8221;][\/vc_column_inner][vc_column_inner width=&#8221;1\/2&#8243; offset=&#8221;vc_col-lg-offset-0 vc_col-lg-6 vc_col-md-offset-1 vc_col-md-10 vc_col-sm-offset-1 vc_hidden-sm vc_hidden-xs&#8221;]<header class=\"kd-section-title col-lg-12 text-left  kd-animated fadeIn   vc_custom_1716972321541\" data-animation-delay=200><h2 class=\"separator_off\" >E\u011fitimlerde hedefledi\u011fimiz ad\u0131mlara birer birer ula\u015f\u0131rken yan\u0131n\u0131zday\u0131z.<\/h2><\/header>[\/vc_column_inner][\/vc_row_inner][vc_row_inner css=&#8221;.vc_custom_1515090159343{padding-bottom: 40px !important;}&#8221;][vc_column_inner width=&#8221;1\/4&#8243; offset=&#8221;vc_col-lg-3 vc_col-md-12 vc_hidden-md vc_hidden-sm vc_hidden-xs&#8221;][\/vc_column_inner][vc_column_inner offset=&#8221;vc_col-lg-offset-0 vc_col-lg-6 vc_col-md-offset-1 vc_col-md-10 vc_col-sm-offset-0 vc_col-xs-12&#8243;]<div class=\"kd_progress_bar  \" ><div class=\"kd_progb_head\"><div class=\"kd-progb-static\"><div class=\"kd-progb-title\"><h4 >Ki\u015fisel yeterlilik tespiti<\/h4><\/div><span class=\"kd_progressbarmarker\" >80%<\/span><\/div><\/div><div class=\"kd_progressbarfull thin-solid\">\n                  <div class=\"kd_progressbarfill\"  data-value=\"80\" data-time=\"2000\">\n                <\/div><\/div><div class=\"kd_progb_desc\"><\/div><\/div><div class=\"kd_progress_bar  \" ><div class=\"kd_progb_head\"><div class=\"kd-progb-static\"><div class=\"kd-progb-title\"><h4 >Sunumlar ile e\u011fitimi destekleme<\/h4><\/div><span class=\"kd_progressbarmarker\" >70%<\/span><\/div><\/div><div class=\"kd_progressbarfull thin-solid\">\n                  <div class=\"kd_progressbarfill\"  data-value=\"70\" data-time=\"2000\">\n                <\/div><\/div><div class=\"kd_progb_desc\"><\/div><\/div><div class=\"kd_progress_bar  \" ><div class=\"kd_progb_head\"><div class=\"kd-progb-static\"><div class=\"kd-progb-title\"><h4 >Ger\u00e7ekle\u015ftirilen minimum hedef<\/h4><\/div><span class=\"kd_progressbarmarker\" >90%<\/span><\/div><\/div><div class=\"kd_progressbarfull thin-solid\">\n                  <div class=\"kd_progressbarfill\"  data-value=\"90\" data-time=\"2000\">\n                <\/div><\/div><div class=\"kd_progb_desc\"><\/div><\/div>[\/vc_column_inner][\/vc_row_inner][\/vc_column][\/vc_row][vc_row full_width=&#8221;stretch_row&#8221; css=&#8221;.vc_custom_1539011586550{padding-top: 100px !important;}&#8221;][vc_column css=&#8221;.vc_custom_1515766787287{padding-right: 0px !important;padding-left: 0px !important;}&#8221;][vc_row_inner][vc_column_inner]<header class=\"kd-section-title vc_col-lg-6 vc_col-sm-8 text-center  kd-animated fadeIn   vc_custom_1716973867661\" data-animation-delay=200><h2 class=\"separator_off\" >Antalya'dan T\u00fcrkiye'ye<\/h2><h6 class=\"subtitle \" >Antalya'dan \u00e7\u0131kt\u0131\u011f\u0131m\u0131z sekt\u00f6rel e\u011fitim ve dan\u0131\u015fmanl\u0131k hizmetlerimiz y\u0131llar i\u00e7erisinde t\u00fcm T\u00fcrkiye'yi kapsam\u0131\u015f bulunmaktad\u0131r. \u0130\u015f plan\u0131m\u0131zdaki ad\u0131mlar\u0131m\u0131z\u0131 sizler i\u00e7in \u00f6zenle haz\u0131rlad\u0131k.<\/h6><\/header>[\/vc_column_inner][\/vc_row_inner][vc_row_inner css=&#8221;.vc_custom_1539014020306{padding-top: 0px !important;padding-bottom: 70px !important;}&#8221;][vc_column_inner]\r\n            <div class=\"kd-process-steps process_four_elem process-checkbox-template \">\r\n                <ul>\r\n                <li class=\"pss-item kd-animated fadeIn \"  >\r\n                    <div class=\"pss-container\"><div class=\"pss-step-number\"><span >1<\/span><\/div><div class=\"pss-text-area\">\r\n                            <h5 >\u0130htiya\u00e7 analizi<\/h5>\r\n                            <p >Mevcut durum, g\u00fc\u00e7l\u00fc ve zay\u0131f y\u00f6nler, f\u0131rsatlar ve tehditler analiz edilir.<\/p><\/div>\r\n                    <\/div>\r\n                <\/li>\r\n                <li class=\"pss-item kd-animated fadeIn \"  data-animation-delay=200>\r\n                    <div class=\"pss-container\"><div class=\"pss-step-number\"><span >2<\/span><\/div><div class=\"pss-text-area\">\r\n                            <h5 >Planlama ve Strateji<\/h5>\r\n                            <p >E\u011fitim ve dan\u0131\u015fmanl\u0131k hedefleri netle\u015ftirilir. Programlar\u0131n i\u00e7eri\u011fi ve s\u00fcresi belirlenir.<\/p><\/div>\r\n                    <\/div>\r\n                <\/li>\r\n                <li class=\"pss-item kd-animated fadeIn \"  data-animation-delay=400>\r\n                    <div class=\"pss-container\"><div class=\"pss-step-number\"><span >3<\/span><\/div><div class=\"pss-text-area\">\r\n                            <h5 >Uygulama<\/h5>\r\n                            <p >Planlanan e\u011fitim ve dan\u0131\u015fmanl\u0131k programlar\u0131 uygulan\u0131r. S\u00fcre\u00e7 boyunca d\u00fczenli dan\u0131\u015fmanl\u0131k hizmeti verilir, gerekti\u011finde d\u00fczenlemeler yap\u0131l\u0131r.<\/p><\/div>\r\n                    <\/div>\r\n                <\/li>\r\n                <li class=\"pss-item kd-animated fadeIn \"  data-animation-delay=600>\r\n                    <div class=\"pss-container\"><div class=\"pss-step-number\"><span >4<\/span><\/div><div class=\"pss-text-area\">\r\n                            <h5 >De\u011ferlendirme ve geri bildirim<\/h5>\r\n                            <p >E\u011fitim ve dan\u0131\u015fmanl\u0131k hizmetlerinin etkinli\u011fi de\u011ferlendirilir. Sonu\u00e7lar raporlan\u0131r, gelecekteki ihtiya\u00e7lar ve iyile\u015ftirme alanlar\u0131 belirlenir.<\/p><\/div>\r\n                    <\/div>\r\n                <\/li><\/ul>\r\n            <\/div>[\/vc_column_inner][\/vc_row_inner][\/vc_column][\/vc_row][vc_row full_width=&#8221;stretch_row_content_no_spaces&#8221; css=&#8221;.vc_custom_1539771037767{background-color: #f5f5f5 !important;}&#8221;][vc_column width=&#8221;1\/2&#8243; css=&#8221;.vc_custom_1522317894944{padding-top: 0px !important;}&#8221; offset=&#8221;vc_col-lg-6 vc_col-md-12&#8243;][vc_row_inner css=&#8221;.vc_custom_1716974941982{padding-top: 200px !important;padding-bottom: 100px !important;background-image: url(http:\/\/www.osmed.com.tr\/blog\/wp-content\/uploads\/2024\/05\/hak2.jpg?id=7526) !important;}&#8221;][vc_column_inner css=&#8221;.vc_custom_1511789291663{padding-top: 0px !important;padding-bottom: 0px !important;}&#8221;][vc_empty_space height=&#8221;300px&#8221;][\/vc_column_inner][\/vc_row_inner][\/vc_column][vc_column width=&#8221;1\/2&#8243; offset=&#8221;vc_col-lg-6 vc_col-md-12&#8243; css=&#8221;.vc_custom_1522317922459{padding-bottom: 50px !important;}&#8221;][vc_row_inner css=&#8221;.vc_custom_1516105791092{padding-top: 100px !important;padding-bottom: 30px !important;}&#8221;][vc_column_inner width=&#8221;1\/4&#8243; offset=&#8221;vc_hidden-md vc_hidden-sm vc_hidden-xs&#8221;][\/vc_column_inner][vc_column_inner width=&#8221;11\/12&#8243; offset=&#8221;vc_col-lg-offset-0 vc_col-lg-6 vc_col-md-offset-1 vc_col-sm-offset-0&#8243;]<header class=\"kd-section-title col-lg-12 text-left  kd-animated fadeIn   vc_custom_1716978902920\" data-animation-delay=200><h2 class=\"separator_off\" >Sizi dinliyoruz ve size \u00f6zel bir deneyim yaratmak i\u00e7in birlikte \u00e7al\u0131\u015f\u0131yoruz.<\/h2><\/header>[\/vc_column_inner][\/vc_row_inner][vc_row_inner][vc_column_inner width=&#8221;1\/4&#8243; offset=&#8221;vc_hidden-md vc_hidden-sm vc_hidden-xs&#8221;][\/vc_column_inner][vc_column_inner width=&#8221;5\/12&#8243; css=&#8221;.vc_custom_1541586840233{padding-right: 30px !important;}&#8221; offset=&#8221;vc_col-lg-offset-0 vc_col-lg-3 vc_col-md-offset-1 vc_col-sm-offset-0&#8243;]<div class=\"kd_counter icon-top large-counter count_left \" ><div class=\"kd_counter_content\"><h4 class=\"kd_counter_number\"><span class=\"kd_number_string\"  data-from=\"0\" data-to=\"10\" data-refresh-interval=\"50\" >0<\/span>\n                                  <span class=\"kd_counter_units\" >+<\/span><\/h4><div class=\"kd_counter_text\" ><\/div><\/div><\/div><div class=\"key-icon-box icon-default  cont-left ib-no-effect  kd-animated fadeIn\" style=\"background-color: transparent;\" data-animation-delay=200><h6 class=\"service-heading\" >Sekt\u00f6r Bulu\u015fmalar\u0131<\/h6><p >10 y\u0131l\u0131 a\u015fk\u0131n s\u00fcredir \u00fclke genelinde binlerce kat\u0131l\u0131mc\u0131yla ger\u00e7ekle\u015ftirdi\u011fimiz organizasyonlar.<\/p><\/div>[\/vc_column_inner][vc_column_inner width=&#8221;1\/2&#8243; css=&#8221;.vc_custom_1541586564400{padding-right: 30px !important;}&#8221; offset=&#8221;vc_col-lg-3&#8243;]<div class=\"kd_counter icon-top large-counter count_left \" ><div class=\"kd_counter_content\"><h4 class=\"kd_counter_number\"><span class=\"kd_number_string\"  data-from=\"0\" data-to=\"2000\" data-refresh-interval=\"50\" >0<\/span>\n                                  <span class=\"kd_counter_units\" >+<\/span><\/h4><div class=\"kd_counter_text\" ><\/div><\/div><\/div><div class=\"key-icon-box icon-default  cont-left ib-no-effect  kd-animated fadeIn\" style=\"background-color: transparent;\" data-animation-delay=200><h6 class=\"service-heading\" >Uluslararas\u0131 Sertifikalar<\/h6><p >Binlerce ki\u015fiyi uluslararas\u0131 ge\u00e7erlili\u011fi olan sertifika sahibi yapt\u0131k.<\/p><\/div>[\/vc_column_inner][\/vc_row_inner][\/vc_column][\/vc_row][vc_row full_width=&#8221;stretch_row&#8221;][vc_column][vc_row_inner css=&#8221;.vc_custom_1555685982947{padding-bottom: 100px !important;}&#8221;][vc_column_inner width=&#8221;1\/4&#8243;][\/vc_column_inner][vc_column_inner width=&#8221;1\/2&#8243;]<header class=\"kd-section-title col-lg-12 text-center  kd-animated fadeIn   vc_custom_1716979271121\" data-animation-delay=200><h2 class=\"separator_off\" >OSMED'in t\u00fcm hizmetleri ile ilgili bilgi almak i\u00e7in hemen bize ula\u015f\u0131n!<\/h2><\/header><a  href=\"https:\/\/www.osmed.com.tr\/blog\/iletisim\/\"  target=\"_self\"  title=\"\" class=\"tt_button tt_primary_button btn_primary_color  button-center button-action-link  kd-animated zoomIn\" data-animation-delay=200><span class=\"prim_text\">B\u0130ZE ULA\u015eIN<\/span><\/a>[vc_empty_space height=&#8221;25px&#8221;][vc_column_text css_animation=&#8221;fadeIn&#8221;]<\/p>\n<h6 style=\"text-align: center;\"><a href=\"https:\/\/www.osmed.com.tr\/blog\/blog\/\">T\u00fcm E\u011fitimlerimize<\/a> ula\u015fmak i\u00e7in t\u0131klay\u0131n.<\/h6>\n<p>[\/vc_column_text][\/vc_column_inner][vc_column_inner width=&#8221;1\/4&#8243;][\/vc_column_inner][\/vc_row_inner][\/vc_column][\/vc_row][vc_row full_width=&#8221;stretch_row&#8221; css=&#8221;.vc_custom_1555685960729{border-top-width: 1px !important;border-top-color: #eaeaea !important;border-top-style: solid !important;}&#8221;][vc_column][vc_row_inner css=&#8221;.vc_custom_1555685968851{padding-top: 80px !important;padding-bottom: 80px !important;}&#8221;][vc_column_inner]<div class=\"slider clients lift-effect kd-client-69e1cd76ae05b black-navigation \"><div class=\"clients-content \" ><img loading=\"lazy\" decoding=\"async\" width=\"128\" height=\"23\" src=\"https:\/\/www.osmed.com.tr\/blog\/wp-content\/uploads\/2024\/05\/varta.png\" class=\"attachment-full\" alt=\"\" title=\"varta\" \/><\/div><div class=\"clients-content \" ><img loading=\"lazy\" decoding=\"async\" width=\"150\" height=\"50\" src=\"https:\/\/www.osmed.com.tr\/blog\/wp-content\/uploads\/2024\/05\/logo4.png\" class=\"attachment-full\" alt=\"\" title=\"logo4\" \/><\/div><div class=\"clients-content \" ><img loading=\"lazy\" decoding=\"async\" width=\"127\" height=\"24\" src=\"https:\/\/www.osmed.com.tr\/blog\/wp-content\/uploads\/2024\/05\/philips2.png\" class=\"attachment-full\" alt=\"\" title=\"philips2\" \/><\/div><div class=\"clients-content \" ><img loading=\"lazy\" decoding=\"async\" width=\"123\" height=\"25\" src=\"https:\/\/www.osmed.com.tr\/blog\/wp-content\/uploads\/2024\/05\/daikin2.png\" class=\"attachment-full\" alt=\"\" title=\"daikin2\" \/><\/div><div class=\"clients-content \" ><img loading=\"lazy\" decoding=\"async\" width=\"116\" height=\"26\" src=\"https:\/\/www.osmed.com.tr\/blog\/wp-content\/uploads\/2024\/05\/bosch2.png\" class=\"attachment-full\" alt=\"\" title=\"bosch2\" \/><\/div><div class=\"clients-content \" ><img loading=\"lazy\" decoding=\"async\" width=\"121\" height=\"19\" src=\"https:\/\/www.osmed.com.tr\/blog\/wp-content\/uploads\/2024\/05\/alarko2.png\" class=\"attachment-full\" alt=\"\" title=\"alarko2\" \/><\/div><\/div><script type=\"text\/javascript\">\r\n              jQuery(document).ready(function($){\r\n                if ($(\".slider.clients.kd-client-69e1cd76ae05b\").length) {\r\n                  $(\".slider.clients.kd-client-69e1cd76ae05b\").owlCarousel({\r\n                    stageClass: \"owl-wrapper\",\r\n                    stageOuterClass: \"owl-wrapper-outer\",\r\n                    loadedClass: \"owl-carousel\",\r\n                    responsiveClass:true,\r\n                    responsive:{\r\n                      0:{\r\n                          items:1,nav: true,\r\n                            navSpeed: 500,\r\n                            dots: false,},\r\n                      480:{\r\n                          items:3,nav: true,\r\n                            navSpeed: 500,\r\n                            dots: false,},\r\n                      960:{\r\n                          items:5,nav: true,\r\n                              navSpeed: 500,\r\n                              dots: false,}\r\n                    },loop: true,autoplay: true,autoplayTimeout: 8000,\r\n                  });\r\n                }\r\n              });\r\n            <\/script>[\/vc_column_inner][\/vc_row_inner][\/vc_column][\/vc_row]<\/p>\n<\/div>","protected":false},"excerpt":{"rendered":"<p>[vc_row full_width=&#8221;stretch_row&#8221; video_bg=&#8221;yes&#8221; video_bg_url=&#8221;https:\/\/www.youtube.com\/watch?v=w3Iy5TEc7Z4&#8243; kd_image_overlay_color=&#8221;rgba(0,0,0,0.7)&#8221; kd_image_overlay=&#8221;true&#8221; css=&#8221;.vc_custom_1716893942350{padding-top: 260px !important;padding-bottom: 200px !important;background-image: url(https:\/\/www.ekko-wp.com\/wp-content\/uploads\/2018\/10\/blog4.jpg?id=7321) !important;}&#8221;][vc_column css=&#8221;.vc_custom_1513003956648{padding-top: 0px [&hellip;]<\/p>\n","protected":false},"author":1,"featured_media":0,"parent":0,"menu_order":0,"comment_status":"closed","ping_status":"closed","template":"","meta":{"footnotes":""},"_links":{"self":[{"href":"https:\/\/www.osmed.com.tr\/blog\/wp-json\/wp\/v2\/pages\/5724"}],"collection":[{"href":"https:\/\/www.osmed.com.tr\/blog\/wp-json\/wp\/v2\/pages"}],"about":[{"href":"https:\/\/www.osmed.com.tr\/blog\/wp-json\/wp\/v2\/types\/page"}],"author":[{"embeddable":true,"href":"https:\/\/www.osmed.com.tr\/blog\/wp-json\/wp\/v2\/users\/1"}],"replies":[{"embeddable":true,"href":"https:\/\/www.osmed.com.tr\/blog\/wp-json\/wp\/v2\/comments?post=5724"}],"version-history":[{"count":17,"href":"https:\/\/www.osmed.com.tr\/blog\/wp-json\/wp\/v2\/pages\/5724\/revisions"}],"predecessor-version":[{"id":7530,"href":"https:\/\/www.osmed.com.tr\/blog\/wp-json\/wp\/v2\/pages\/5724\/revisions\/7530"}],"wp:attachment":[{"href":"https:\/\/www.osmed.com.tr\/blog\/wp-json\/wp\/v2\/media?parent=5724"}],"curies":[{"name":"wp","href":"https:\/\/api.w.org\/{rel}","templated":true}]}}